{"id":138,"date":"2025-01-22T17:04:40","date_gmt":"2025-01-22T16:04:40","guid":{"rendered":"https:\/\/futboleroscarballino.com\/blog\/?page_id=138"},"modified":"2025-06-03T12:38:46","modified_gmt":"2025-06-03T10:38:46","slug":"sitemap","status":"publish","type":"page","link":"https:\/\/futboleroscarballino.com\/blog\/sitemap\/","title":{"rendered":"Sitemap"},"content":{"rendered":"\t\t<div data-elementor-type=\"wp-page\" data-elementor-id=\"138\" class=\"elementor elementor-138\" data-elementor-post-type=\"page\">\n\t\t\t\t<div class=\"elementor-element elementor-element-b5d295a e-flex e-con-boxed e-con e-parent\" data-id=\"b5d295a\" data-element_type=\"container\" data-settings=\"{&quot;background_background&quot;:&quot;classic&quot;}\">\n\t\t\t\t\t<div class=\"e-con-inner\">\n\t\t\t\t<div class=\"elementor-element elementor-element-0518691 elementor-widget elementor-widget-heading\" data-id=\"0518691\" data-element_type=\"widget\" data-widget_type=\"heading.default\">\n\t\t\t\t<div class=\"elementor-widget-container\">\n\t\t\t\t\t<h1 class=\"elementor-heading-title elementor-size-default\">Mapa de sitio<\/h1>\t\t\t\t<\/div>\n\t\t\t\t<\/div>\n\t\t\t\t\t<\/div>\n\t\t\t\t<\/div>\n\t\t<div class=\"elementor-element elementor-element-3515a28 e-flex e-con-boxed e-con e-parent\" data-id=\"3515a28\" data-element_type=\"container\">\n\t\t\t\t\t<div class=\"e-con-inner\">\n\t\t\t\t<div class=\"elementor-element elementor-element-7bb64e5 elementor-widget elementor-widget-sitemap\" data-id=\"7bb64e5\" data-element_type=\"widget\" data-widget_type=\"sitemap.default\">\n\t\t\t\t<div class=\"elementor-widget-container\">\n\t\t\t\t\t<div class=\"elementor-sitemap-wrap\"><div class=\"elementor-sitemap-section\"><h2 class=\"elementor-sitemap-title elementor-sitemap-page-title\">P\u00e1ginas<\/h2><ul class=\"elementor-sitemap-list elementor-sitemap-page-list\"><li class=\"elementor-sitemap-item elementor-sitemap-item-page page_item page-item-138\"><a href=\"https:\/\/futboleroscarballino.com\/blog\/sitemap\/\">Sitemap<\/a><\/li><li class=\"elementor-sitemap-item elementor-sitemap-item-page page_item page-item-2\"><a href=\"https:\/\/futboleroscarballino.com\/blog\/\">Inicio<\/a><\/li><\/ul><\/div><div class=\"elementor-sitemap-section\"><h2 class=\"elementor-sitemap-title elementor-sitemap-category-title\">Categor\u00edas<\/h2><ul class=\"elementor-sitemap-list elementor-sitemap-category-list\">\t<li class=\"elementor-sitemap-item elementor-sitemap-item-category cat-item cat-item-1\"><a href=\"https:\/\/futboleroscarballino.com\/blog\/futbol\/botas\/\">Blogs de Botas de F\u00fatbol<\/a>\n<\/li>\n\t<li class=\"elementor-sitemap-item elementor-sitemap-item-category cat-item cat-item-11\"><a href=\"https:\/\/futboleroscarballino.com\/blog\/moda-deportiva\/\">Blog de Moda Deportiva<\/a>\n<\/li>\n\t<li class=\"elementor-sitemap-item elementor-sitemap-item-category cat-item cat-item-6\"><a href=\"https:\/\/futboleroscarballino.com\/blog\/futbol\/\">Blog de F\u00fatbol<\/a>\n<\/li>\n\t<li class=\"elementor-sitemap-item elementor-sitemap-item-category cat-item cat-item-9\"><a href=\"https:\/\/futboleroscarballino.com\/blog\/fitness\/\">Blog de Fitness<\/a>\n<\/li>\n<\/ul><\/div><div class=\"elementor-sitemap-section\"><h2 class=\"elementor-sitemap-title elementor-sitemap-post-title\">Art\u00edculos de blog<\/h2><ul class=\"elementor-sitemap-list elementor-sitemap-post-list\"><li class=\"elementor-sitemap-item elementor-sitemap-item-post page_item page-item-777\"><a href=\"https:\/\/futboleroscarballino.com\/blog\/ropa-termica-que-es\/\">Todo lo que Debes Saber sobre la Ropa T\u00e9rmica: Tu Aliada Clave para el Deporte en Climas Fr\u00edos<\/a><\/li><li class=\"elementor-sitemap-item elementor-sitemap-item-post page_item page-item-762\"><a href=\"https:\/\/futboleroscarballino.com\/blog\/mejores-guantes-de-portero\/\">Gu\u00eda Definitiva: Los Mejores Guantes de Portero del 2025<\/a><\/li><li class=\"elementor-sitemap-item elementor-sitemap-item-post page_item page-item-749\"><a href=\"https:\/\/futboleroscarballino.com\/blog\/como-lavar-mochila-deportiva\/\">Gu\u00eda Definitiva: C\u00f3mo Lavar Tu Mochila Deportiva Sin Da\u00f1arla<\/a><\/li><li class=\"elementor-sitemap-item elementor-sitemap-item-post page_item page-item-733\"><a href=\"https:\/\/futboleroscarballino.com\/blog\/como-elegir-bolso-deportivo\/\">La Gu\u00eda Definitiva para Elegir Tu Bolso Deportivo: M\u00e1s Que un Simple Accesorio<\/a><\/li><li class=\"elementor-sitemap-item elementor-sitemap-item-post page_item page-item-713\"><a href=\"https:\/\/futboleroscarballino.com\/blog\/como-elegir-unas-zapatillas-para-correr\/\">La Gu\u00eda Definitiva: C\u00f3mo Elegir Tus Zapatillas de Running Perfectas<\/a><\/li><li class=\"elementor-sitemap-item elementor-sitemap-item-post page_item page-item-699\"><a href=\"https:\/\/futboleroscarballino.com\/blog\/running-en-que-consiste\/\">El Running: M\u00e1s Que Un Deporte, Un Estilo De Vida<\/a><\/li><li class=\"elementor-sitemap-item elementor-sitemap-item-post page_item page-item-680\"><a href=\"https:\/\/futboleroscarballino.com\/blog\/tacos-mg-multi-ground-para-que-sirven\/\">Tacos MG: La Evoluci\u00f3n del Calzado para Multisuperficies<\/a><\/li><li class=\"elementor-sitemap-item elementor-sitemap-item-post page_item page-item-664\"><a href=\"https:\/\/futboleroscarballino.com\/blog\/tacos-turf-que-son-cuando-usar\/\">Tacos Turf: La Soluci\u00f3n Vers\u00e1til para Superficies Duras<\/a><\/li><li class=\"elementor-sitemap-item elementor-sitemap-item-post page_item page-item-647\"><a href=\"https:\/\/futboleroscarballino.com\/blog\/tacos-sg-que-son\/\">Tacos SG: El Calzado Especializado para Terrenos Blandos<\/a><\/li><li class=\"elementor-sitemap-item elementor-sitemap-item-post page_item page-item-616\"><a href=\"https:\/\/futboleroscarballino.com\/blog\/tacos-ag-en-que-consisten\/\">Tacos AG: El Calzado Esencial para Campos Artificiales<\/a><\/li><li class=\"elementor-sitemap-item elementor-sitemap-item-post page_item page-item-614\"><a href=\"https:\/\/futboleroscarballino.com\/blog\/tacos-fg-para-que-son\/\">Tacos FG: La Elecci\u00f3n Perfecta para Terrenos de Hierba Natural<\/a><\/li><li class=\"elementor-sitemap-item elementor-sitemap-item-post page_item page-item-559\"><a href=\"https:\/\/futboleroscarballino.com\/blog\/mejores-botas-de-futbol\/\">Las Mejores Botas de F\u00fatbol del 2025: Gu\u00eda Definitiva para Elegir tu Par Ideal<\/a><\/li><li class=\"elementor-sitemap-item elementor-sitemap-item-post page_item page-item-522\"><a href=\"https:\/\/futboleroscarballino.com\/blog\/que-llevar-al-gimnasio\/\">\u00bfQu\u00e9 Llevar al Gimnasio? Gu\u00eda Definitiva<\/a><\/li><li class=\"elementor-sitemap-item elementor-sitemap-item-post page_item page-item-497\"><a href=\"https:\/\/futboleroscarballino.com\/blog\/outfit-con-gorras-para-hombres\/\">Outfit con Gorras para Hombres: Estilo, Protecci\u00f3n y Deporte<\/a><\/li><li class=\"elementor-sitemap-item elementor-sitemap-item-post page_item page-item-472\"><a href=\"https:\/\/futboleroscarballino.com\/blog\/calzado-barefoot-que-es\/\">Calzado Barefoot: La Revoluci\u00f3n Natural para tus Pies<\/a><\/li><li class=\"elementor-sitemap-item elementor-sitemap-item-post page_item page-item-438\"><a href=\"https:\/\/futboleroscarballino.com\/blog\/como-elegir-ropa-deportiva\/\">Gu\u00eda Completa: C\u00f3mo Elegir Ropa Deportiva<\/a><\/li><li class=\"elementor-sitemap-item elementor-sitemap-item-post page_item page-item-418\"><a href=\"https:\/\/futboleroscarballino.com\/blog\/chandal-todo-lo-que-debes-saber\/\">El Ch\u00e1ndal: Evoluci\u00f3n, Estilo y Funcionalidad en la Moda Deportiva<\/a><\/li><li class=\"elementor-sitemap-item elementor-sitemap-item-post page_item page-item-369\"><a href=\"https:\/\/futboleroscarballino.com\/blog\/athleisure-moda-deportiva\/\">Athleisure: La Fusi\u00f3n Perfecta entre Moda y Funcionalidad<\/a><\/li><li class=\"elementor-sitemap-item elementor-sitemap-item-post page_item page-item-343\"><a href=\"https:\/\/futboleroscarballino.com\/blog\/estilo-sporty-chic\/\">El Estilo Sporty Chic: Moda Deportiva con Elegancia<\/a><\/li><li class=\"elementor-sitemap-item elementor-sitemap-item-post page_item page-item-297\"><a href=\"https:\/\/futboleroscarballino.com\/blog\/mejores-zapatillas-futbol-sala\/\">Las Mejores Zapatillas de F\u00fatbol Sala para Dominar la Pista<\/a><\/li><li class=\"elementor-sitemap-item elementor-sitemap-item-post page_item page-item-283\"><a href=\"https:\/\/futboleroscarballino.com\/blog\/como-usar-sudaderas\/\">\u00bfC\u00f3mo usar una sudadera? Ideas y estilos<\/a><\/li><li class=\"elementor-sitemap-item elementor-sitemap-item-post page_item page-item-269\"><a href=\"https:\/\/futboleroscarballino.com\/blog\/diferencias-entre-botas-futbol-zapatillas-futbol-sala\/\">Diferencias entre zapatillas de f\u00fatbol y f\u00fatbol sala<\/a><\/li><li class=\"elementor-sitemap-item elementor-sitemap-item-post page_item page-item-257\"><a href=\"https:\/\/futboleroscarballino.com\/blog\/como-lavar-ropa-de-deporte\/\">C\u00f3mo lavar la ropa de deporte<\/a><\/li><li class=\"elementor-sitemap-item elementor-sitemap-item-post page_item page-item-242\"><a href=\"https:\/\/futboleroscarballino.com\/blog\/como-limpiar-botas-de-futbol\/\">C\u00f3mo Limpiar Botas de F\u00fatbol: Gu\u00eda Definitiva para Mantenerlas como Nuevas<\/a><\/li><li class=\"elementor-sitemap-item elementor-sitemap-item-post page_item page-item-232\"><a href=\"https:\/\/futboleroscarballino.com\/blog\/como-ir-vestido-a-un-partido-de-futbol\/\">C\u00f3mo ir vestido a un partido de futbol<\/a><\/li><li class=\"elementor-sitemap-item elementor-sitemap-item-post page_item page-item-219\"><a href=\"https:\/\/futboleroscarballino.com\/blog\/tipos-de-tacos-de-futbol\/\">\u00bfConoces los tipos de tacos de f\u00fatbol? Te los presentamos<\/a><\/li><li class=\"elementor-sitemap-item elementor-sitemap-item-post page_item page-item-185\"><a href=\"https:\/\/futboleroscarballino.com\/blog\/como-elegir-balon-de-futbol\/\">C\u00f3mo elegir el bal\u00f3n de f\u00fatbol perfecto: Gu\u00eda completa<\/a><\/li><li class=\"elementor-sitemap-item elementor-sitemap-item-post page_item page-item-109\"><a href=\"https:\/\/futboleroscarballino.com\/blog\/mejor-sujetador-deportivo\/\">\u00bfC\u00f3mo elegir el mejor sujetador deportivo para ti?<\/a><\/li><li class=\"elementor-sitemap-item elementor-sitemap-item-post page_item page-item-25\"><a href=\"https:\/\/futboleroscarballino.com\/blog\/como-elegir-botas-de-futbol\/\">Gu\u00eda para comprar botas de f\u00fatbol<\/a><\/li><\/ul><\/div><\/div>\t\t\t\t<\/div>\n\t\t\t\t<\/div>\n\t\t\t\t\t<\/div>\n\t\t\t\t<\/div>\n\t\t\t\t<\/div>\n\t\t","protected":false},"excerpt":{"rendered":"<p>Mapa de sitio<\/p>\n","protected":false},"author":1,"featured_media":0,"parent":0,"menu_order":0,"comment_status":"closed","ping_status":"closed","template":"elementor_header_footer","meta":{"footnotes":""},"class_list":["post-138","page","type-page","status-publish","hentry"],"yoast_head":"<!-- This site is optimized with the Yoast SEO plugin v25.6 - https:\/\/yoast.com\/wordpress\/plugins\/seo\/ -->\n<title>Sitemap | Blog de Futboleros<\/title>\n<meta name=\"robots\" content=\"noindex, follow\" \/>\n<meta property=\"og:locale\" content=\"es_ES\" \/>\n<meta property=\"og:type\" content=\"article\" \/>\n<meta property=\"og:title\" content=\"Sitemap | Blog de Futboleros\" \/>\n<meta property=\"og:description\" content=\"Mapa de sitio\" \/>\n<meta property=\"og:url\" content=\"https:\/\/futboleroscarballino.com\/blog\/sitemap\/\" \/>\n<meta property=\"og:site_name\" content=\"Blog de Futboleros\" \/>\n<meta property=\"article:modified_time\" content=\"2025-06-03T10:38:46+00:00\" \/>\n<meta name=\"twitter:card\" content=\"summary_large_image\" \/>\n<meta name=\"twitter:label1\" content=\"Tiempo de lectura\" \/>\n\t<meta name=\"twitter:data1\" content=\"1 minuto\" \/>\n<script type=\"application\/ld+json\" class=\"yoast-schema-graph\">{\"@context\":\"https:\/\/schema.org\",\"@graph\":[{\"@type\":\"WebPage\",\"@id\":\"https:\/\/futboleroscarballino.com\/blog\/sitemap\/\",\"url\":\"https:\/\/futboleroscarballino.com\/blog\/sitemap\/\",\"name\":\"Sitemap | Blog de Futboleros\",\"isPartOf\":{\"@id\":\"https:\/\/futboleroscarballino.com\/blog\/#website\"},\"datePublished\":\"2025-01-22T16:04:40+00:00\",\"dateModified\":\"2025-06-03T10:38:46+00:00\",\"breadcrumb\":{\"@id\":\"https:\/\/futboleroscarballino.com\/blog\/sitemap\/#breadcrumb\"},\"inLanguage\":\"es\",\"potentialAction\":[{\"@type\":\"ReadAction\",\"target\":[\"https:\/\/futboleroscarballino.com\/blog\/sitemap\/\"]}]},{\"@type\":\"BreadcrumbList\",\"@id\":\"https:\/\/futboleroscarballino.com\/blog\/sitemap\/#breadcrumb\",\"itemListElement\":[{\"@type\":\"ListItem\",\"position\":1,\"name\":\"Inicio\",\"item\":\"https:\/\/futboleroscarballino.com\/blog\/\"},{\"@type\":\"ListItem\",\"position\":2,\"name\":\"Sitemap\"}]},{\"@type\":\"WebSite\",\"@id\":\"https:\/\/futboleroscarballino.com\/blog\/#website\",\"url\":\"https:\/\/futboleroscarballino.com\/blog\/\",\"name\":\"Blog de Futboleros\",\"description\":\"\",\"publisher\":{\"@id\":\"https:\/\/futboleroscarballino.com\/blog\/#organization\"},\"potentialAction\":[{\"@type\":\"SearchAction\",\"target\":{\"@type\":\"EntryPoint\",\"urlTemplate\":\"https:\/\/futboleroscarballino.com\/blog\/?s={search_term_string}\"},\"query-input\":{\"@type\":\"PropertyValueSpecification\",\"valueRequired\":true,\"valueName\":\"search_term_string\"}}],\"inLanguage\":\"es\"},{\"@type\":\"Organization\",\"@id\":\"https:\/\/futboleroscarballino.com\/blog\/#organization\",\"name\":\"Blog de Futboleros\",\"url\":\"https:\/\/futboleroscarballino.com\/blog\/\",\"logo\":{\"@type\":\"ImageObject\",\"inLanguage\":\"es\",\"@id\":\"https:\/\/futboleroscarballino.com\/blog\/#\/schema\/logo\/image\/\",\"url\":\"https:\/\/futboleroscarballino.com\/blog\/wp-content\/uploads\/2025\/01\/LogoDegradadoVerde.png\",\"contentUrl\":\"https:\/\/futboleroscarballino.com\/blog\/wp-content\/uploads\/2025\/01\/LogoDegradadoVerde.png\",\"width\":221,\"height\":60,\"caption\":\"Blog de Futboleros\"},\"image\":{\"@id\":\"https:\/\/futboleroscarballino.com\/blog\/#\/schema\/logo\/image\/\"}}]}<\/script>\n<!-- \/ Yoast SEO plugin. -->","yoast_head_json":{"title":"Sitemap | Blog de Futboleros","robots":{"index":"noindex","follow":"follow"},"og_locale":"es_ES","og_type":"article","og_title":"Sitemap | Blog de Futboleros","og_description":"Mapa de sitio","og_url":"https:\/\/futboleroscarballino.com\/blog\/sitemap\/","og_site_name":"Blog de Futboleros","article_modified_time":"2025-06-03T10:38:46+00:00","twitter_card":"summary_large_image","twitter_misc":{"Tiempo de lectura":"1 minuto"},"schema":{"@context":"https:\/\/schema.org","@graph":[{"@type":"WebPage","@id":"https:\/\/futboleroscarballino.com\/blog\/sitemap\/","url":"https:\/\/futboleroscarballino.com\/blog\/sitemap\/","name":"Sitemap | Blog de Futboleros","isPartOf":{"@id":"https:\/\/futboleroscarballino.com\/blog\/#website"},"datePublished":"2025-01-22T16:04:40+00:00","dateModified":"2025-06-03T10:38:46+00:00","breadcrumb":{"@id":"https:\/\/futboleroscarballino.com\/blog\/sitemap\/#breadcrumb"},"inLanguage":"es","potentialAction":[{"@type":"ReadAction","target":["https:\/\/futboleroscarballino.com\/blog\/sitemap\/"]}]},{"@type":"BreadcrumbList","@id":"https:\/\/futboleroscarballino.com\/blog\/sitemap\/#breadcrumb","itemListElement":[{"@type":"ListItem","position":1,"name":"Inicio","item":"https:\/\/futboleroscarballino.com\/blog\/"},{"@type":"ListItem","position":2,"name":"Sitemap"}]},{"@type":"WebSite","@id":"https:\/\/futboleroscarballino.com\/blog\/#website","url":"https:\/\/futboleroscarballino.com\/blog\/","name":"Blog de Futboleros","description":"","publisher":{"@id":"https:\/\/futboleroscarballino.com\/blog\/#organization"},"potentialAction":[{"@type":"SearchAction","target":{"@type":"EntryPoint","urlTemplate":"https:\/\/futboleroscarballino.com\/blog\/?s={search_term_string}"},"query-input":{"@type":"PropertyValueSpecification","valueRequired":true,"valueName":"search_term_string"}}],"inLanguage":"es"},{"@type":"Organization","@id":"https:\/\/futboleroscarballino.com\/blog\/#organization","name":"Blog de Futboleros","url":"https:\/\/futboleroscarballino.com\/blog\/","logo":{"@type":"ImageObject","inLanguage":"es","@id":"https:\/\/futboleroscarballino.com\/blog\/#\/schema\/logo\/image\/","url":"https:\/\/futboleroscarballino.com\/blog\/wp-content\/uploads\/2025\/01\/LogoDegradadoVerde.png","contentUrl":"https:\/\/futboleroscarballino.com\/blog\/wp-content\/uploads\/2025\/01\/LogoDegradadoVerde.png","width":221,"height":60,"caption":"Blog de Futboleros"},"image":{"@id":"https:\/\/futboleroscarballino.com\/blog\/#\/schema\/logo\/image\/"}}]}},"_links":{"self":[{"href":"https:\/\/futboleroscarballino.com\/blog\/wp-json\/wp\/v2\/pages\/138","targetHints":{"allow":["GET"]}}],"collection":[{"href":"https:\/\/futboleroscarballino.com\/blog\/wp-json\/wp\/v2\/pages"}],"about":[{"href":"https:\/\/futboleroscarballino.com\/blog\/wp-json\/wp\/v2\/types\/page"}],"author":[{"embeddable":true,"href":"https:\/\/futboleroscarballino.com\/blog\/wp-json\/wp\/v2\/users\/1"}],"replies":[{"embeddable":true,"href":"https:\/\/futboleroscarballino.com\/blog\/wp-json\/wp\/v2\/comments?post=138"}],"version-history":[{"count":10,"href":"https:\/\/futboleroscarballino.com\/blog\/wp-json\/wp\/v2\/pages\/138\/revisions"}],"predecessor-version":[{"id":608,"href":"https:\/\/futboleroscarballino.com\/blog\/wp-json\/wp\/v2\/pages\/138\/revisions\/608"}],"wp:attachment":[{"href":"https:\/\/futboleroscarballino.com\/blog\/wp-json\/wp\/v2\/media?parent=138"}],"curies":[{"name":"wp","href":"https:\/\/api.w.org\/{rel}","templated":true}]}}